{"id":3911,"date":"2022-01-19T11:03:32","date_gmt":"2022-01-19T11:03:32","guid":{"rendered":"https:\/\/minima.es\/branding-agency\/estrategia-empresarial\/"},"modified":"2023-05-22T13:22:58","modified_gmt":"2023-05-22T13:22:58","slug":"business-strategy","status":"publish","type":"page","link":"https:\/\/minima.es\/en\/branding-agency\/business-strategy\/","title":{"rendered":"Business Strategy"},"content":{"rendered":"<p>[vc_row css_animation=&#8221;&#8221; row_type=&#8221;row&#8221; use_row_as_full_screen_section=&#8221;no&#8221; type=&#8221;full_width&#8221; angled_section=&#8221;no&#8221; text_align=&#8221;left&#8221; background_image_as_pattern=&#8221;without_pattern&#8221;][vc_column offset=&#8221;vc_hidden-sm vc_hidden-xs&#8221;][vc_empty_space height=&#8221;230px&#8221;][\/vc_column][\/vc_row][vc_row css_animation=&#8221;&#8221; row_type=&#8221;row&#8221; use_row_as_full_screen_section=&#8221;no&#8221; type=&#8221;full_width&#8221; angled_section=&#8221;no&#8221; text_align=&#8221;left&#8221; background_image_as_pattern=&#8221;without_pattern&#8221;][vc_column offset=&#8221;vc_hidden-lg vc_hidden-md&#8221;][vc_empty_space height=&#8221;70px&#8221;][\/vc_column][\/vc_row][vc_row css_animation=&#8221;&#8221; row_type=&#8221;row&#8221; use_row_as_full_screen_section=&#8221;no&#8221; type=&#8221;grid&#8221; angled_section=&#8221;no&#8221; text_align=&#8221;left&#8221; background_image_as_pattern=&#8221;without_pattern&#8221; z_index=&#8221;&#8221;][vc_column][vc_column_text]<\/p>\n<h1 style=\"text-align: left;\">BUSINESS STRATEGY<\/h1>\n<p>[\/vc_column_text][vc_empty_space height=&#8221;40px&#8221;][vc_column_text el_class=&#8221;title-feature2&#8243;]<\/p>\n<h2 style=\"text-align: left;\">business strategy.<\/h2>\n<p>[\/vc_column_text][vc_row_inner row_type=&#8221;row&#8221; type=&#8221;full_width&#8221; text_align=&#8221;left&#8221; css_animation=&#8221;&#8221;][vc_column_inner offset=&#8221;vc_hidden-xs&#8221;][vc_empty_space height=&#8221;40px&#8221;][\/vc_column_inner][\/vc_row_inner][vc_row_inner row_type=&#8221;row&#8221; type=&#8221;full_width&#8221; text_align=&#8221;left&#8221; css_animation=&#8221;&#8221;][vc_column_inner width=&#8221;1\/2&#8243;][\/vc_column_inner][vc_column_inner width=&#8221;1\/2&#8243;][\/vc_column_inner][\/vc_row_inner][\/vc_column][\/vc_row][vc_row css_animation=&#8221;&#8221; row_type=&#8221;row&#8221; use_row_as_full_screen_section=&#8221;no&#8221; type=&#8221;full_width&#8221; angled_section=&#8221;no&#8221; text_align=&#8221;left&#8221; background_image_as_pattern=&#8221;without_pattern&#8221; z_index=&#8221;&#8221;][vc_column offset=&#8221;vc_hidden-md vc_hidden-sm vc_hidden-xs&#8221;][vc_empty_space height=&#8221;100px&#8221;][\/vc_column][\/vc_row][vc_row css_animation=&#8221;&#8221; row_type=&#8221;row&#8221; use_row_as_full_screen_section=&#8221;no&#8221; type=&#8221;full_width&#8221; angled_section=&#8221;no&#8221; text_align=&#8221;left&#8221; background_image_as_pattern=&#8221;without_pattern&#8221;][vc_column offset=&#8221;vc_hidden-lg vc_hidden-sm&#8221;][vc_empty_space height=&#8221;80px&#8221;][\/vc_column][\/vc_row][vc_row css_animation=&#8221;&#8221; row_type=&#8221;row&#8221; use_row_as_full_screen_section=&#8221;no&#8221; type=&#8221;full_width&#8221; angled_section=&#8221;no&#8221; text_align=&#8221;left&#8221; background_image_as_pattern=&#8221;without_pattern&#8221; z_index=&#8221;&#8221;][vc_column width=&#8221;2\/12&#8243; offset=&#8221;vc_col-md-2 vc_hidden-sm&#8221;][\/vc_column][vc_column width=&#8221;10\/12&#8243; el_class=&#8221;resumen&#8221;][vc_row_inner row_type=&#8221;row&#8221; type=&#8221;grid&#8221; text_align=&#8221;left&#8221; css_animation=&#8221;&#8221;][vc_column_inner width=&#8221;7\/12&#8243;][vc_column_text el_class=&#8221;entradilla&#8221;]Business strategy is fundamental to achieve success. At M\u00ednima we analyse your business characteristics, detect the problems and weaknesses of your organisation and help you to optimise the development of your business.[\/vc_column_text][\/vc_column_inner][vc_column_inner width=&#8221;4\/12&#8243;][vc_empty_space height=&#8221;15px&#8221;][vc_column_text el_class=&#8221;underline&#8221;]<\/p>\n<h2>We create the basis for your business growth<\/h2>\n<p>[\/vc_column_text][\/vc_column_inner][vc_column_inner width=&#8221;1\/12&#8243;][\/vc_column_inner][\/vc_row_inner][\/vc_column][\/vc_row][vc_row css_animation=&#8221;&#8221; row_type=&#8221;row&#8221; use_row_as_full_screen_section=&#8221;no&#8221; type=&#8221;full_width&#8221; angled_section=&#8221;no&#8221; text_align=&#8221;left&#8221; background_image_as_pattern=&#8221;without_pattern&#8221;][vc_column][vc_row_inner row_type=&#8221;row&#8221; type=&#8221;full_width&#8221; text_align=&#8221;left&#8221; css_animation=&#8221;&#8221;][vc_column_inner offset=&#8221;vc_hidden-xs&#8221;][vc_empty_space height=&#8221;100px&#8221;][\/vc_column_inner][\/vc_row_inner][vc_row_inner row_type=&#8221;row&#8221; type=&#8221;full_width&#8221; text_align=&#8221;left&#8221; css_animation=&#8221;&#8221;][vc_column_inner offset=&#8221;vc_hidden-lg vc_hidden-md vc_hidden-sm&#8221;][vc_empty_space height=&#8221;80px&#8221;][\/vc_column_inner][\/vc_row_inner][\/vc_column][\/vc_row][vc_row css_animation=&#8221;&#8221; row_type=&#8221;row&#8221; use_row_as_full_screen_section=&#8221;no&#8221; type=&#8221;grid&#8221; angled_section=&#8221;no&#8221; text_align=&#8221;left&#8221; background_image_as_pattern=&#8221;without_pattern&#8221; z_index=&#8221;&#8221; padding_top=&#8221;80&#8243; padding_bottom=&#8221;80&#8243; background_color=&#8221;#f3d8cf&#8221;][vc_column][vc_row_inner row_type=&#8221;row&#8221; type=&#8221;grid&#8221; text_align=&#8221;left&#8221; css_animation=&#8221;&#8221;][vc_column_inner width=&#8221;1\/3&#8243;][vc_column_text el_class=&#8221;listado-servicios&#8221;]<\/p>\n<h2>Market research.<\/h2>\n<p>[\/vc_column_text][vc_column_text el_class=&#8221;listado-servicios&#8221;]Purchase motivations, possibility of penetration, strengths and weaknesses of competitors&#8230; Market research is a very powerful tool for the launch of new products, services or brands.[\/vc_column_text][vc_empty_space][\/vc_column_inner][vc_column_inner width=&#8221;1\/3&#8243;][vc_column_text el_class=&#8221;listado-servicios&#8221;]<\/p>\n<h2>Marketing Consulting.<\/h2>\n<p>[\/vc_column_text][vc_column_text el_class=&#8221;listado-servicios&#8221;]How long has it been since you last reviewed your targets and how often do you analyse the quality of your products and services? The health of your business depends on the control and knowledge of your business. Our marketing consultancy services will help you get a true picture of the state of your project.[\/vc_column_text][vc_empty_space][\/vc_column_inner][vc_column_inner width=&#8221;1\/3&#8243;][vc_column_text el_class=&#8221;listado-servicios&#8221;]<\/p>\n<h2>Strategic Marketing Plan.<\/h2>\n<p>[\/vc_column_text][vc_column_text el_class=&#8221;listado-servicios&#8221;]A strategic marketing plan will lay the foundations for the moves, objectives and tactics that ensure a company&#8217;s success. We focus on all aspects that influence a company&#8217;s bottom line.[\/vc_column_text][vc_empty_space][\/vc_column_inner][\/vc_row_inner][\/vc_column][\/vc_row][vc_row css_animation=&#8221;&#8221; row_type=&#8221;row&#8221; use_row_as_full_screen_section=&#8221;no&#8221; type=&#8221;grid&#8221; angled_section=&#8221;no&#8221; text_align=&#8221;left&#8221; background_image_as_pattern=&#8221;without_pattern&#8221; z_index=&#8221;&#8221; padding_top=&#8221;100&#8243; padding_bottom=&#8221;100&#8243; background_color=&#8221;#333333&#8243; el_class=&#8221;blanco&#8221;][vc_column width=&#8221;1\/3&#8243;][vc_empty_space height=&#8221;15px&#8221;][vc_column_text el_class=&#8221;underline&#8221;]<\/p>\n<h2>We conduct an in-depth analysis of your business to build a solid foundation for growth.<\/h2>\n<p>[\/vc_column_text][\/vc_column][vc_column width=&#8221;2\/3&#8243;][vc_column_text]We carry out an in-depth analysis of the organisation, detecting problems that impede correct growth, using an exclusive business consultancy methodology. We outline and implement the best business strategy to optimise business development and control results.<\/p>\n<p>Immersive consultancy, applied through a business advisory service, will allow us to lead your business towards success, guaranteeing its future profitability.[\/vc_column_text][\/vc_column][\/vc_row][vc_row css_animation=&#8221;&#8221; row_type=&#8221;row&#8221; use_row_as_full_screen_section=&#8221;no&#8221; type=&#8221;grid&#8221; angled_section=&#8221;no&#8221; text_align=&#8221;left&#8221; background_image_as_pattern=&#8221;without_pattern&#8221; z_index=&#8221;&#8221; padding_top=&#8221;50&#8243; padding_bottom=&#8221;50&#8243; background_color=&#8221;#f3d8cf&#8221;][vc_column width=&#8221;1\/2&#8243;][vc_empty_space][vc_column_text]<\/p>\n<h6>Shall we talk about it?<\/h6>\n<p>[\/vc_column_text][vc_empty_space][vc_column_text el_class=&#8221;.&#8221;]If you have a project in its early stages, where the discourse is yet to be defined but the sights are high, call us and we will build a brand without limits, conceived under the highest standards.<\/p>\n<p>Turn your brand into your company&#8217;s main asset, let&#8217;s talk![\/vc_column_text][\/vc_column][vc_column width=&#8221;1\/2&#8243;][vc_empty_space][vc_raw_html]JTNDJTIxLS0lNUJpZiUyMGx0ZSUyMElFJTIwOCU1RCUzRSUwQSUzQ3NjcmlwdCUyMGNoYXJzZXQlM0QlMjJ1dGYtOCUyMiUyMHR5cGUlM0QlMjJ0ZXh0JTJGamF2YXNjcmlwdCUyMiUyMHNyYyUzRCUyMiUyRiUyRmpzLmhzZm9ybXMubmV0JTJGZm9ybXMlMkZ2Mi1sZWdhY3kuanMlMjIlM0UlM0MlMkZzY3JpcHQlM0UlMEElM0MlMjElNUJlbmRpZiU1RC0tJTNFJTBBJTNDc2NyaXB0JTIwY2hhcnNldCUzRCUyMnV0Zi04JTIyJTIwdHlwZSUzRCUyMnRleHQlMkZqYXZhc2NyaXB0JTIyJTIwc3JjJTNEJTIyJTJGJTJGanMuaHNmb3Jtcy5uZXQlMkZmb3JtcyUyRnYyLmpzJTIyJTNFJTNDJTJGc2NyaXB0JTNFJTBBJTNDc2NyaXB0JTNFJTBBJTIwJTIwaGJzcHQuZm9ybXMuY3JlYXRlJTI4JTdCJTBBJTA5cmVnaW9uJTNBJTIwJTIybmExJTIyJTJDJTBBJTA5cG9ydGFsSWQlM0ElMjAlMjIyNzI1MjUyJTIyJTJDJTBBJTA5Zm9ybUlkJTNBJTIwJTIyOTE1ZDRmN2UtYTY0Yi00NDlkLWEzMDMtN2U4ZmMxYTU1YTU4JTIyJTBBJTdEJTI5JTNCJTBBJTNDJTJGc2NyaXB0JTNF[\/vc_raw_html][\/vc_column][\/vc_row]<\/p>\n","protected":false},"excerpt":{"rendered":"<p>[vc_row css_animation=&#8221;&#8221; row_type=&#8221;row&#8221; use_row_as_full_screen_section=&#8221;no&#8221; type=&#8221;full_width&#8221; angled_section=&#8221;no&#8221; text_align=&#8221;left&#8221; background_image_as_pattern=&#8221;without_pattern&#8221;][vc_column offset=&#8221;vc_hidden-sm vc_hidden-xs&#8221;][vc_empty_space height=&#8221;230px&#8221;][\/vc_column][\/vc_row][vc_row css_animation=&#8221;&#8221; row_type=&#8221;row&#8221; use_row_as_full_screen_section=&#8221;no&#8221; type=&#8221;full_width&#8221; angled_section=&#8221;no&#8221; text_align=&#8221;left&#8221; background_image_as_pattern=&#8221;without_pattern&#8221;][vc_column offset=&#8221;vc_hidden-lg vc_hidden-md&#8221;][vc_empty_space height=&#8221;70px&#8221;][\/vc_column][\/vc_row][vc_row css_animation=&#8221;&#8221; row_type=&#8221;row&#8221; use_row_as_full_screen_section=&#8221;no&#8221; type=&#8221;grid&#8221; angled_section=&#8221;no&#8221; text_align=&#8221;left&#8221; background_image_as_pattern=&#8221;without_pattern&#8221; z_index=&#8221;&#8221;][vc_column][vc_column_text] BUSINESS STRATEGY [\/vc_column_text][vc_empty_space height=&#8221;40px&#8221;][vc_column_text el_class=&#8221;title-feature2&#8243;] business strategy. [\/vc_column_text][vc_row_inner row_type=&#8221;row&#8221; type=&#8221;full_width&#8221; text_align=&#8221;left&#8221; css_animation=&#8221;&#8221;][vc_column_inner offset=&#8221;vc_hidden-xs&#8221;][vc_empty_space height=&#8221;40px&#8221;][\/vc_column_inner][\/vc_row_inner][vc_row_inner row_type=&#8221;row&#8221; type=&#8221;full_width&#8221;&#8230;<\/p>\n","protected":false},"author":1,"featured_media":3735,"parent":3898,"menu_order":0,"comment_status":"closed","ping_status":"closed","template":"full_width.php","meta":{"footnotes":""},"class_list":["post-3911","page","type-page","status-publish","has-post-thumbnail","hentry"],"yoast_head":"<!-- This site is optimized with the Yoast SEO Premium plugin v21.2 (Yoast SEO v27.1.1) - https:\/\/yoast.com\/product\/yoast-seo-premium-wordpress\/ -->\n<title>Business Strategy | Consultor\u00eda de Marketing | Minima<\/title>\n<meta name=\"description\" content=\"La estrategia empresarial es fundamental para alcanzar el \u00e9xito. En M\u00ednima te ayudamos a optimizar el desarrollo de tu negocio.\" \/>\n<meta name=\"robots\" content=\"index, follow, max-snippet:-1, max-image-preview:large, max-video-preview:-1\" \/>\n<link rel=\"canonical\" href=\"https:\/\/minima.es\/en\/branding-agency\/business-strategy\/\" \/>\n<meta property=\"og:locale\" content=\"en_US\" \/>\n<meta property=\"og:type\" content=\"article\" \/>\n<meta property=\"og:title\" content=\"Business Strategy | Consultor\u00eda de Marketing | Minima\" \/>\n<meta property=\"og:description\" content=\"La estrategia empresarial es fundamental para alcanzar el \u00e9xito. En M\u00ednima analizamos tus caracter\u00edsticas empresariales, detectamos los problemas y debilidades de tu organizaci\u00f3n y te ayudamos a optimizar el desarrollo de tu negocio.\" \/>\n<meta property=\"og:url\" content=\"https:\/\/minima.es\/en\/branding-agency\/business-strategy\/\" \/>\n<meta property=\"og:site_name\" content=\"Minima\" \/>\n<meta property=\"article:publisher\" content=\"https:\/\/www.facebook.com\/minimacia\" \/>\n<meta property=\"article:modified_time\" content=\"2023-05-22T13:22:58+00:00\" \/>\n<meta property=\"og:image\" content=\"https:\/\/minima.es\/wp-content\/uploads\/2021\/08\/minima-agencia-creativa-03.png\" \/>\n\t<meta property=\"og:image:width\" content=\"400\" \/>\n\t<meta property=\"og:image:height\" content=\"400\" \/>\n\t<meta property=\"og:image:type\" content=\"image\/png\" \/>\n<meta name=\"twitter:card\" content=\"summary_large_image\" \/>\n<meta name=\"twitter:title\" content=\"Business Strategy | Consultor\u00eda de Marketing | Minima\" \/>\n<meta name=\"twitter:description\" content=\"La estrategia empresarial es fundamental para alcanzar el \u00e9xito. En M\u00ednima analizamos tus caracter\u00edsticas empresariales, detectamos los problemas y debilidades de tu organizaci\u00f3n y te ayudamos a optimizar el desarrollo de tu negocio.\" \/>\n<meta name=\"twitter:site\" content=\"@minimacia\" \/>\n<meta name=\"twitter:label1\" content=\"Est. reading time\" \/>\n\t<meta name=\"twitter:data1\" content=\"3 minutes\" \/>\n<script type=\"application\/ld+json\" class=\"yoast-schema-graph\">{\"@context\":\"https:\/\/schema.org\",\"@graph\":[{\"@type\":\"WebPage\",\"@id\":\"https:\/\/minima.es\/en\/branding-agency\/business-strategy\/\",\"url\":\"https:\/\/minima.es\/en\/branding-agency\/business-strategy\/\",\"name\":\"Business Strategy | Consultor\u00eda de Marketing | Minima\",\"isPartOf\":{\"@id\":\"https:\/\/minima.es\/#website\"},\"primaryImageOfPage\":{\"@id\":\"https:\/\/minima.es\/en\/branding-agency\/business-strategy\/#primaryimage\"},\"image\":{\"@id\":\"https:\/\/minima.es\/en\/branding-agency\/business-strategy\/#primaryimage\"},\"thumbnailUrl\":\"https:\/\/minima.es\/wp-content\/uploads\/2021\/08\/minima-agencia-creativa-03.png\",\"datePublished\":\"2022-01-19T11:03:32+00:00\",\"dateModified\":\"2023-05-22T13:22:58+00:00\",\"description\":\"La estrategia empresarial es fundamental para alcanzar el \u00e9xito. En M\u00ednima te ayudamos a optimizar el desarrollo de tu negocio.\",\"breadcrumb\":{\"@id\":\"https:\/\/minima.es\/en\/branding-agency\/business-strategy\/#breadcrumb\"},\"inLanguage\":\"en-US\",\"potentialAction\":[{\"@type\":\"ReadAction\",\"target\":[\"https:\/\/minima.es\/en\/branding-agency\/business-strategy\/\"]}]},{\"@type\":\"ImageObject\",\"inLanguage\":\"en-US\",\"@id\":\"https:\/\/minima.es\/en\/branding-agency\/business-strategy\/#primaryimage\",\"url\":\"https:\/\/minima.es\/wp-content\/uploads\/2021\/08\/minima-agencia-creativa-03.png\",\"contentUrl\":\"https:\/\/minima.es\/wp-content\/uploads\/2021\/08\/minima-agencia-creativa-03.png\",\"width\":400,\"height\":400},{\"@type\":\"BreadcrumbList\",\"@id\":\"https:\/\/minima.es\/en\/branding-agency\/business-strategy\/#breadcrumb\",\"itemListElement\":[{\"@type\":\"ListItem\",\"position\":1,\"name\":\"Portada\",\"item\":\"https:\/\/minima.es\/en\/\"},{\"@type\":\"ListItem\",\"position\":2,\"name\":\"Branding Agency\",\"item\":\"https:\/\/minima.es\/en\/branding-agency\/\"},{\"@type\":\"ListItem\",\"position\":3,\"name\":\"Business Strategy\"}]},{\"@type\":\"WebSite\",\"@id\":\"https:\/\/minima.es\/#website\",\"url\":\"https:\/\/minima.es\/\",\"name\":\"Minima\",\"description\":\"Agencia Creativa e Inbound Marketing\",\"publisher\":{\"@id\":\"https:\/\/minima.es\/#organization\"},\"potentialAction\":[{\"@type\":\"SearchAction\",\"target\":{\"@type\":\"EntryPoint\",\"urlTemplate\":\"https:\/\/minima.es\/?s={search_term_string}\"},\"query-input\":{\"@type\":\"PropertyValueSpecification\",\"valueRequired\":true,\"valueName\":\"search_term_string\"}}],\"inLanguage\":\"en-US\"},{\"@type\":\"Organization\",\"@id\":\"https:\/\/minima.es\/#organization\",\"name\":\"M\u00ednima\",\"url\":\"https:\/\/minima.es\/\",\"logo\":{\"@type\":\"ImageObject\",\"inLanguage\":\"en-US\",\"@id\":\"https:\/\/minima.es\/#\/schema\/logo\/image\/\",\"url\":\"https:\/\/minima.es\/wp-content\/uploads\/2021\/08\/minima-agencia-creativa-03.png\",\"contentUrl\":\"https:\/\/minima.es\/wp-content\/uploads\/2021\/08\/minima-agencia-creativa-03.png\",\"width\":400,\"height\":400,\"caption\":\"M\u00ednima\"},\"image\":{\"@id\":\"https:\/\/minima.es\/#\/schema\/logo\/image\/\"},\"sameAs\":[\"https:\/\/www.facebook.com\/minimacia\",\"https:\/\/x.com\/minimacia\",\"https:\/\/www.instagram.com\/minimacia\/?hl=es\",\"https:\/\/www.linkedin.com\/company\/minimacia\/\",\"https:\/\/www.pinterest.es\/minimacia\/\",\"https:\/\/www.youtube.com\/channel\/UCMN-_bZZzVJACd-2hAXE2IA\"]}]}<\/script>\n<!-- \/ Yoast SEO Premium plugin. -->","yoast_head_json":{"title":"Business Strategy | Consultor\u00eda de Marketing | Minima","description":"La estrategia empresarial es fundamental para alcanzar el \u00e9xito. En M\u00ednima te ayudamos a optimizar el desarrollo de tu negocio.","robots":{"index":"index","follow":"follow","max-snippet":"max-snippet:-1","max-image-preview":"max-image-preview:large","max-video-preview":"max-video-preview:-1"},"canonical":"https:\/\/minima.es\/en\/branding-agency\/business-strategy\/","og_locale":"en_US","og_type":"article","og_title":"Business Strategy | Consultor\u00eda de Marketing | Minima","og_description":"La estrategia empresarial es fundamental para alcanzar el \u00e9xito. En M\u00ednima analizamos tus caracter\u00edsticas empresariales, detectamos los problemas y debilidades de tu organizaci\u00f3n y te ayudamos a optimizar el desarrollo de tu negocio.","og_url":"https:\/\/minima.es\/en\/branding-agency\/business-strategy\/","og_site_name":"Minima","article_publisher":"https:\/\/www.facebook.com\/minimacia","article_modified_time":"2023-05-22T13:22:58+00:00","og_image":[{"width":400,"height":400,"url":"https:\/\/minima.es\/wp-content\/uploads\/2021\/08\/minima-agencia-creativa-03.png","type":"image\/png"}],"twitter_card":"summary_large_image","twitter_title":"Business Strategy | Consultor\u00eda de Marketing | Minima","twitter_description":"La estrategia empresarial es fundamental para alcanzar el \u00e9xito. En M\u00ednima analizamos tus caracter\u00edsticas empresariales, detectamos los problemas y debilidades de tu organizaci\u00f3n y te ayudamos a optimizar el desarrollo de tu negocio.","twitter_site":"@minimacia","twitter_misc":{"Est. reading time":"3 minutes"},"schema":{"@context":"https:\/\/schema.org","@graph":[{"@type":"WebPage","@id":"https:\/\/minima.es\/en\/branding-agency\/business-strategy\/","url":"https:\/\/minima.es\/en\/branding-agency\/business-strategy\/","name":"Business Strategy | Consultor\u00eda de Marketing | Minima","isPartOf":{"@id":"https:\/\/minima.es\/#website"},"primaryImageOfPage":{"@id":"https:\/\/minima.es\/en\/branding-agency\/business-strategy\/#primaryimage"},"image":{"@id":"https:\/\/minima.es\/en\/branding-agency\/business-strategy\/#primaryimage"},"thumbnailUrl":"https:\/\/minima.es\/wp-content\/uploads\/2021\/08\/minima-agencia-creativa-03.png","datePublished":"2022-01-19T11:03:32+00:00","dateModified":"2023-05-22T13:22:58+00:00","description":"La estrategia empresarial es fundamental para alcanzar el \u00e9xito. En M\u00ednima te ayudamos a optimizar el desarrollo de tu negocio.","breadcrumb":{"@id":"https:\/\/minima.es\/en\/branding-agency\/business-strategy\/#breadcrumb"},"inLanguage":"en-US","potentialAction":[{"@type":"ReadAction","target":["https:\/\/minima.es\/en\/branding-agency\/business-strategy\/"]}]},{"@type":"ImageObject","inLanguage":"en-US","@id":"https:\/\/minima.es\/en\/branding-agency\/business-strategy\/#primaryimage","url":"https:\/\/minima.es\/wp-content\/uploads\/2021\/08\/minima-agencia-creativa-03.png","contentUrl":"https:\/\/minima.es\/wp-content\/uploads\/2021\/08\/minima-agencia-creativa-03.png","width":400,"height":400},{"@type":"BreadcrumbList","@id":"https:\/\/minima.es\/en\/branding-agency\/business-strategy\/#breadcrumb","itemListElement":[{"@type":"ListItem","position":1,"name":"Portada","item":"https:\/\/minima.es\/en\/"},{"@type":"ListItem","position":2,"name":"Branding Agency","item":"https:\/\/minima.es\/en\/branding-agency\/"},{"@type":"ListItem","position":3,"name":"Business Strategy"}]},{"@type":"WebSite","@id":"https:\/\/minima.es\/#website","url":"https:\/\/minima.es\/","name":"Minima","description":"Agencia Creativa e Inbound Marketing","publisher":{"@id":"https:\/\/minima.es\/#organization"},"potentialAction":[{"@type":"SearchAction","target":{"@type":"EntryPoint","urlTemplate":"https:\/\/minima.es\/?s={search_term_string}"},"query-input":{"@type":"PropertyValueSpecification","valueRequired":true,"valueName":"search_term_string"}}],"inLanguage":"en-US"},{"@type":"Organization","@id":"https:\/\/minima.es\/#organization","name":"M\u00ednima","url":"https:\/\/minima.es\/","logo":{"@type":"ImageObject","inLanguage":"en-US","@id":"https:\/\/minima.es\/#\/schema\/logo\/image\/","url":"https:\/\/minima.es\/wp-content\/uploads\/2021\/08\/minima-agencia-creativa-03.png","contentUrl":"https:\/\/minima.es\/wp-content\/uploads\/2021\/08\/minima-agencia-creativa-03.png","width":400,"height":400,"caption":"M\u00ednima"},"image":{"@id":"https:\/\/minima.es\/#\/schema\/logo\/image\/"},"sameAs":["https:\/\/www.facebook.com\/minimacia","https:\/\/x.com\/minimacia","https:\/\/www.instagram.com\/minimacia\/?hl=es","https:\/\/www.linkedin.com\/company\/minimacia\/","https:\/\/www.pinterest.es\/minimacia\/","https:\/\/www.youtube.com\/channel\/UCMN-_bZZzVJACd-2hAXE2IA"]}]}},"_links":{"self":[{"href":"https:\/\/minima.es\/en\/wp-json\/wp\/v2\/pages\/3911","targetHints":{"allow":["GET"]}}],"collection":[{"href":"https:\/\/minima.es\/en\/wp-json\/wp\/v2\/pages"}],"about":[{"href":"https:\/\/minima.es\/en\/wp-json\/wp\/v2\/types\/page"}],"author":[{"embeddable":true,"href":"https:\/\/minima.es\/en\/wp-json\/wp\/v2\/users\/1"}],"replies":[{"embeddable":true,"href":"https:\/\/minima.es\/en\/wp-json\/wp\/v2\/comments?post=3911"}],"version-history":[{"count":2,"href":"https:\/\/minima.es\/en\/wp-json\/wp\/v2\/pages\/3911\/revisions"}],"predecessor-version":[{"id":3913,"href":"https:\/\/minima.es\/en\/wp-json\/wp\/v2\/pages\/3911\/revisions\/3913"}],"up":[{"embeddable":true,"href":"https:\/\/minima.es\/en\/wp-json\/wp\/v2\/pages\/3898"}],"wp:featuredmedia":[{"embeddable":true,"href":"https:\/\/minima.es\/en\/wp-json\/wp\/v2\/media\/3735"}],"wp:attachment":[{"href":"https:\/\/minima.es\/en\/wp-json\/wp\/v2\/media?parent=3911"}],"curies":[{"name":"wp","href":"https:\/\/api.w.org\/{rel}","templated":true}]}}